{"id":26,"date":"2024-07-19T17:09:13","date_gmt":"2024-07-19T15:09:13","guid":{"rendered":"https:\/\/langensiepen.net\/cvde\/?page_id=26"},"modified":"2025-08-27T20:16:50","modified_gmt":"2025-08-27T18:16:50","slug":"portfolio","status":"publish","type":"page","link":"https:\/\/langensiepen.net\/cvde\/portfolio\/","title":{"rendered":"Portfolio"},"content":{"rendered":"\n<p class=\"has-medium-font-size\"><strong>Portfolio<\/strong> (<a href=\"https:\/\/langensiepen.net\/cvEnglishDeutsch\/LangensiepenPortfolioDeutschInternet.pdf\" target=\"_blank\" rel=\"noreferrer noopener\">PDF version<\/a>)<\/p>\n\n\n\n<p>Die Anpassung von Landschaften und Landwirtschaft an den Klimawandel und zunehmenden Bev\u00f6lkerungsdruck erfordert integriertes Denken. Ich verf\u00fcge \u00fcber langj\u00e4hrige Erfahrungen auf diesem Gebiet mit Kernkompetenzen in der Umweltphysik, Pflanzen\u00f6kologie und Agronomie. Umweltpolitikberatung und Zukunftsforschung in ostafrikanischen Landschaften haben mich dazu veranlasst, diese Kenntnisse auf die Theorie politischer Prozesse, die Umweltpsychologie und die Sozio\u00f6kologie auszuweiten. Als Datenwissenschaftler und Modellierer verf\u00fcge ich au\u00dferdem \u00fcber ein breites Spektrum an Methoden zur Analyse wissenschaftlicher und sozialer Probleme.<\/p>\n\n\n\n<p>In j\u00fcngster Zeit habe ich Methoden und Theorien in den Bereichen integrative Pflanzenphysiologie, Umweltpolitikanalyse, Design \u00f6kologischer Daten und Sozio\u00f6kologie landwirtschaftlicher Landschaften entwickelt. Als erfahrener Modellierer habe ich dar\u00fcber hinaus meine Fachkenntnisse durch Zertifizierungen in den Bereichen Datenwissenschaft und Entwicklung k\u00fcnstlicher Intelligenz erweitert.<\/p>\n\n\n\n<p>Nun bin ich daran interessiert, diese Methoden und Theorien in der Praxis anzuwenden. Die Forschungsprojekte, an denen ich bisher gearbeitet habe, sind abgeschlossen. Derzeit bin ich auf der Suche nach einer neuen Stelle.<\/p>\n\n\n\n<p><a href=\"https:\/\/langensiepen.net\/cvde\/lebenslauf\/\">Lebenslauf<\/a><\/p>\n","protected":false},"excerpt":{"rendered":"<p>Portfolio (PDF version) Die Anpassung von Landschaften und Landwirtschaft an den Klimawandel und zunehmenden Bev\u00f6lkerungsdruck erfordert integriertes Denken. Ich verf\u00fcge \u00fcber langj\u00e4hrige Erfahrungen auf diesem Gebiet mit Kernkompetenzen in der Umweltphysik, Pflanzen\u00f6kologie und Agronomie. Umweltpolitikberatung und Zukunftsforschung in ostafrikanischen Landschaften &hellip; <a href=\"https:\/\/langensiepen.net\/cvde\/portfolio\/\">Weiterlesen <span class=\"meta-nav\">&rarr;<\/span><\/a><\/p>\n","protected":false},"author":1,"featured_media":0,"parent":0,"menu_order":0,"comment_status":"closed","ping_status":"closed","template":"","meta":{"footnotes":""},"class_list":["post-26","page","type-page","status-publish","hentry"],"_links":{"self":[{"href":"https:\/\/langensiepen.net\/cvde\/wp-json\/wp\/v2\/pages\/26","targetHints":{"allow":["GET"]}}],"collection":[{"href":"https:\/\/langensiepen.net\/cvde\/wp-json\/wp\/v2\/pages"}],"about":[{"href":"https:\/\/langensiepen.net\/cvde\/wp-json\/wp\/v2\/types\/page"}],"author":[{"embeddable":true,"href":"https:\/\/langensiepen.net\/cvde\/wp-json\/wp\/v2\/users\/1"}],"replies":[{"embeddable":true,"href":"https:\/\/langensiepen.net\/cvde\/wp-json\/wp\/v2\/comments?post=26"}],"version-history":[{"count":9,"href":"https:\/\/langensiepen.net\/cvde\/wp-json\/wp\/v2\/pages\/26\/revisions"}],"predecessor-version":[{"id":116,"href":"https:\/\/langensiepen.net\/cvde\/wp-json\/wp\/v2\/pages\/26\/revisions\/116"}],"wp:attachment":[{"href":"https:\/\/langensiepen.net\/cvde\/wp-json\/wp\/v2\/media?parent=26"}],"curies":[{"name":"wp","href":"https:\/\/api.w.org\/{rel}","templated":true}]}}