{"id":28,"date":"2024-07-19T17:11:07","date_gmt":"2024-07-19T15:11:07","guid":{"rendered":"https:\/\/langensiepen.net\/cvde\/?page_id=28"},"modified":"2025-08-27T19:36:04","modified_gmt":"2025-08-27T17:36:04","slug":"lebenslauf","status":"publish","type":"page","link":"https:\/\/langensiepen.net\/cvde\/lebenslauf\/","title":{"rendered":"Lebenslauf"},"content":{"rendered":"\n<p class=\"has-medium-font-size\"><strong>Lebenslauf<\/strong> (<a href=\"https:\/\/langensiepen.net\/cvEnglishDeutsch\/CV_LangensiepenDeutschInternet.pdf\" target=\"_blank\" rel=\"noreferrer noopener\">PDF Version<\/a>)<\/p>\n\n\n\n<p class=\"has-medium-font-size\"><strong>Erfahrungen<\/strong><\/p>\n\n\n\n<p><strong>Umwelt- und Agrarwissenschaftler<\/strong> &#8211; <strong>Universit\u00e4t Bonn, Institut f\u00fcr Nutzpflanzenwissenschaften und Ressourcenschutz<\/strong>. <strong>2010 \u2013 Heute<\/strong><\/p>\n\n\n\n<p>Von 2013 bis 2021 koordinierte ich Forschungsaktivit\u00e4ten in zwei Gro\u00dfforschungsprojekten: &#8222;Wetlands in East-Africa&#8220; (2013-2018) und &#8222;Future Rural Africa&#8220; (2019-2021).<\/p>\n\n\n\n<p>Zusammen mit Wissenschaftlern des Forschungszentrums J\u00fclich und Meteorologen der Universit\u00e4t Bonn war ich von 2010 bis 2018 als PI im Transregio-Sonderforschungsbereich 32 &#8218;Patterns in Soil-Vegetation-Atmosphere Systems&#8216; f\u00fcr die Bildung von Schnittstellen zwischen Boden-, Vegetations- und Atmosph\u00e4reforschung verantwortlich (2010-2018).<\/p>\n\n\n\n<p>Von 2014 bis 2020 habe ich zudem als PI in einem Gro\u00dfforschungsprojekt &#8218;Prediction and Modelling Hybrid Performance and Yield Gain in Oilseed Rape by Systems Biology&#8216; Beitr\u00e4ge zur integrierten Pflanzenphysiologie geleistet.<\/p>\n\n\n\n<p>Von 2007 bis 2013 habe ich auch ein Verbundforschungsprojekt &#8218;Small Wetlands in East-Africa&#8216; mit geleitet.<\/p>\n\n\n\n<p>W\u00e4hrend meiner Arbeiten in diesen Gro\u00dfforschungsprojekten wurde ich mit dem Problem konfrontiert, naturwissenschaftliche und geisteswissenschaftliche Methoden in Einklang zu bringen. Basierend auf diesen Erfahrungen erstellte ich in Zusammenarbeit mit Kollegen aus verschiedenen Fachrichtungen und Umweltpolitikern in Ostafrika von 2020 bis 2025 Konzepte und Theorien zur Umweltpolitik, Umweltpsychologie und integrierten Pflanzenphysiologie.<\/p>\n\n\n\n<p>Nach einem achtmonatigen Studium wurde ich im Juli 2024 als Entwickler f\u00fcr k\u00fcnstliche Intelligenz und Datenwissenschaftler zertifiziert. Damit habe ich meine Modellierungsf\u00e4higkeiten auf den neuesten Stand gebracht.<\/p>\n\n\n\n<p><strong>Umwelt- und Agrarwissenschaftler<\/strong>. <strong>Wageningen Plant Research<\/strong> <strong>2009 &#8211; 2010<\/strong><\/p>\n\n\n\n<p>Agrar\u00f6kologische Szenarienmodellierung und Expertenbericht f\u00fcr die Privatindustrie. Vertraulich.<\/p>\n\n\n\n<p><strong>Juniorprofessor<\/strong>. <strong>Humboldt-Universit\u00e4t Berlin<\/strong> <strong>2003 &#8211; 2009<\/strong><\/p>\n\n\n\n<p>Eine Juniorprofessur ist eine auf Dauer angelegte Lehr- und Forschungsstelle f\u00fcr junge Wissenschaftler mit ausgezeichneter Promotion nach dem amerikanischen Tenure-Track Modell. Ich wurde f\u00fcr eine Juniorprofessur &#8218;Modellierung von Pflanzensystemen&#8216; ausgew\u00e4hlt und erhielt nach positiver Begutachtung 2005 den Titel eines Professors auf Lebenszeit. Aufgrund von Sparma\u00dfnahmen und Schlie\u00dfung der Fakult\u00e4t f\u00fcr Agrar- und Gartenbauwissenschaften wurde die Stelle trotz positiver Endevaluierung meines Tenure-Tracks nicht verstetigt.<\/p>\n\n\n\n<p>Meine Arbeiten konzentrierten sich auf die Wachstumsmodellierung im Verbundforschungsprojekt preagro mit 26 Partnern aus Deutschland, Koordination des Verbundforschungsprojekts &#8222;Small Wetlands in East-Africa&#8220; (Universit\u00e4t Bonn, National Museums of Kenya, University of Dar-es-Salaam)&nbsp; und Entwicklung naturbasierter L\u00f6sungen f\u00fcr die Landwirtschaft als Gaswissenschaftler an der School of Plant Science der University of Western-Australia.<\/p>\n\n\n\n<p>In der Lehre habe ich zwei neue Kurse entwickelt: \u2018Modellierung pflanzlicher Systeme\u2018 und \u2018Grundlagen der quantitativen Modellentwicklung\u2018. Lehrinhalte im Kontext der Erfahrungshorizonte der Studierenden zu vermitteln war mir dabei ein besonderes Anliegen.<\/p>\n\n\n\n<p><strong>Akademischer Rat<\/strong>. <strong>Universit\u00e4t Hannover, Gartenbau<\/strong>. <strong>2001 &#8211; 2002<\/strong><\/p>\n\n\n\n<p>Studentische &nbsp;\u00dcbungen \u2018Systemanalyse\u2019. Drittmittelantr\u00e4ge.<\/p>\n\n\n\n<p><strong>Wissenschaftlicher Mitarbeiter (Postdoc)<\/strong>.<strong>Universit\u00e4t Kiel<\/strong>. <strong>1998 &#8211; 2000<\/strong><\/p>\n\n\n\n<p>Modellierer im Sonderforschungsbereich 192 &#8222;Optimierung pflanzlicher Produktionssysteme im Hinblick auf Leistung und \u00f6kologische Effekte&#8220;. Unterst\u00fctzung des Sprechers Prof. Herbert Hanus<\/p>\n\n\n\n<p class=\"has-medium-font-size\"><strong>Ausbildung<\/strong><\/p>\n\n\n\n<p><strong>Universit\u00e4t Kassel<\/strong>. <strong>Promotion Kulturtechnik und Wasserwirtschaft<\/strong>. <strong>Note: Mit Auszeichnung<\/strong>. <strong>1997<\/strong><\/p>\n\n\n\n<p>Im Rahmen meiner Doktorarbeit betreute ich ein trilaterales Projekt zur Anwendung der Penman-Monteith-Energiebilanzmethode unter verschiedenen Klimabedingungen in Israel, Brasilien und Deutschland. Nach Validierung mit der thermoelektrischen Methode zur Saftstrommessung in Pflanzen wurde das Modell in dem agrarmeteorologischen Netzwerk des s\u00fcdbrasilianischen Bundesstaates Rio Grande do Sul \u00fcbernommen.<\/p>\n\n\n\n<p><strong>Universit\u00e4t Kassel<\/strong>. <strong>Diplom \u2013 \u00d6kologische Umweltsicherung (Fokus: Limnologie)<\/strong> <strong>1995<\/strong><\/p>\n\n\n\n<p>Dreij\u00e4hrige universit\u00e4re Ausbildung im \u00f6kologischen Umweltschutz. Die experimentellen Arbeiten meiner Diplomarbeit befassten sich mit der Lichtextinktion und des Mikroklimas an Flie\u00dfgew\u00e4ssern, die das Verhalten von Bachorganismen stark beeinflussen.<\/p>\n\n\n\n<p><strong>University of Kassel<\/strong> <strong>Diplom &#8211; International Agrarwirtschaft (Fokus: Pflanzenbau)<\/strong> <strong>1992<\/strong><\/p>\n\n\n\n<p>Vierj\u00e4hrige universit\u00e4re Ausbildung in internationaler Agrarwirtschaft. Meine Diplomarbeit befasste sich mit der experimentellen Charakterisierung und Modellierung des Wasserhaushalts von Baumwollpflanzen.<\/p>\n\n\n\n<p><strong>Landwirtschaftskammer Westfalen-Lippe, Deutschland<\/strong>. <strong>Landwirtschaftlicher Geselle<\/strong>. <strong>1987<\/strong><\/p>\n\n\n\n<p>Zweij\u00e4hrige duale Ausbildung (Lehre).<\/p>\n\n\n\n<p>&nbsp;1. Jahr: Lehr- und Versuchsanstalt der Landwirtschaftskammer &nbsp;Westfalen-Lippe Haus D\u00fcsse in der Soester B\u00f6rde: Gesamtes Spektrum g\u00e4ngiger Rinder- und Schweinehaltungsformen, F\u00fctterungsmethoden, Melksysteme, Feldbauverfahren, Pflanzen- und Tierzuchtversuche, Schlacht- und Legeleistungspr\u00fcfungen.<\/p>\n\n\n\n<p>2. Jahr: Lehrling in einem gemischten Familienbetrieb auf der Haarh\u00f6he am M\u00f6hnesee in der N\u00e4he von Soest.<\/p>\n\n\n\n<p class=\"has-medium-font-size\"><strong>Lehrerfahrungen<\/strong><\/p>\n\n\n\n<p>Introduction to Crop Modeling, Modeling Plant Systems, Quantitative Grundlagen der Modellbildung, Angewandte Mathematik, Agricultural Meteorology, Irrigation Science, Crop Science, Software Engineering, Systemanalyse, Agrikulturphysik<\/p>\n\n\n\n<p class=\"has-medium-font-size\"><strong>Auslandserfahrungen<\/strong><\/p>\n\n\n\n<p>Australien, Brasilien, Frankreich, Israel, Indonesien, Malaysia, Kenia, Niederlande, Pal\u00e4stinensische Gebiete, Ruanda, Russland, Tansania, T\u00fcrkei, Uganda<\/p>\n\n\n\n<p><\/p>\n","protected":false},"excerpt":{"rendered":"<p>Lebenslauf (PDF Version) Erfahrungen Umwelt- und Agrarwissenschaftler &#8211; Universit\u00e4t Bonn, Institut f\u00fcr Nutzpflanzenwissenschaften und Ressourcenschutz. 2010 \u2013 Heute Von 2013 bis 2021 koordinierte ich Forschungsaktivit\u00e4ten in zwei Gro\u00dfforschungsprojekten: &#8222;Wetlands in East-Africa&#8220; (2013-2018) und &#8222;Future Rural Africa&#8220; (2019-2021). Zusammen mit Wissenschaftlern &hellip; <a href=\"https:\/\/langensiepen.net\/cvde\/lebenslauf\/\">Weiterlesen <span class=\"meta-nav\">&rarr;<\/span><\/a><\/p>\n","protected":false},"author":1,"featured_media":0,"parent":0,"menu_order":0,"comment_status":"closed","ping_status":"closed","template":"","meta":{"footnotes":""},"class_list":["post-28","page","type-page","status-publish","hentry"],"_links":{"self":[{"href":"https:\/\/langensiepen.net\/cvde\/wp-json\/wp\/v2\/pages\/28","targetHints":{"allow":["GET"]}}],"collection":[{"href":"https:\/\/langensiepen.net\/cvde\/wp-json\/wp\/v2\/pages"}],"about":[{"href":"https:\/\/langensiepen.net\/cvde\/wp-json\/wp\/v2\/types\/page"}],"author":[{"embeddable":true,"href":"https:\/\/langensiepen.net\/cvde\/wp-json\/wp\/v2\/users\/1"}],"replies":[{"embeddable":true,"href":"https:\/\/langensiepen.net\/cvde\/wp-json\/wp\/v2\/comments?post=28"}],"version-history":[{"count":4,"href":"https:\/\/langensiepen.net\/cvde\/wp-json\/wp\/v2\/pages\/28\/revisions"}],"predecessor-version":[{"id":112,"href":"https:\/\/langensiepen.net\/cvde\/wp-json\/wp\/v2\/pages\/28\/revisions\/112"}],"wp:attachment":[{"href":"https:\/\/langensiepen.net\/cvde\/wp-json\/wp\/v2\/media?parent=28"}],"curies":[{"name":"wp","href":"https:\/\/api.w.org\/{rel}","templated":true}]}}