{"id":35,"date":"2024-07-19T17:14:14","date_gmt":"2024-07-19T15:14:14","guid":{"rendered":"https:\/\/langensiepen.net\/cvde\/?page_id=35"},"modified":"2024-07-19T17:14:14","modified_gmt":"2024-07-19T15:14:14","slug":"haftungsauschluss","status":"publish","type":"page","link":"https:\/\/langensiepen.net\/cvde\/haftungsauschluss\/","title":{"rendered":"Haftungsauschluss"},"content":{"rendered":"\n<p class=\"has-medium-font-size\">Haftungsausschluss<\/p>\n\n\n\n<p>Sie \u00fcbernehmen alle Risiken und die Verantwortung f\u00fcr Verluste, Sch\u00e4den, Kosten und andere Folgen, die sich direkt oder indirekt aus der Nutzung dieser Website und der auf ihr verf\u00fcgbaren Informationen oder Materialien ergeben.<\/p>\n\n\n\n<p>Soweit gesetzlich zul\u00e4ssig, schlie\u00dfe ich jegliche Haftung gegen\u00fcber Personen aus, die direkt oder indirekt aus der Nutzung dieser Website und der darin enthaltenen Informationen oder Materialien entstehen.<\/p>\n","protected":false},"excerpt":{"rendered":"<p>Haftungsausschluss Sie \u00fcbernehmen alle Risiken und die Verantwortung f\u00fcr Verluste, Sch\u00e4den, Kosten und andere Folgen, die sich direkt oder indirekt aus der Nutzung dieser Website und der auf ihr verf\u00fcgbaren Informationen oder Materialien ergeben. Soweit gesetzlich zul\u00e4ssig, schlie\u00dfe ich jegliche &hellip; <a href=\"https:\/\/langensiepen.net\/cvde\/haftungsauschluss\/\">Weiterlesen <span class=\"meta-nav\">&rarr;<\/span><\/a><\/p>\n","protected":false},"author":1,"featured_media":0,"parent":0,"menu_order":0,"comment_status":"closed","ping_status":"closed","template":"","meta":{"footnotes":""},"class_list":["post-35","page","type-page","status-publish","hentry"],"_links":{"self":[{"href":"https:\/\/langensiepen.net\/cvde\/wp-json\/wp\/v2\/pages\/35","targetHints":{"allow":["GET"]}}],"collection":[{"href":"https:\/\/langensiepen.net\/cvde\/wp-json\/wp\/v2\/pages"}],"about":[{"href":"https:\/\/langensiepen.net\/cvde\/wp-json\/wp\/v2\/types\/page"}],"author":[{"embeddable":true,"href":"https:\/\/langensiepen.net\/cvde\/wp-json\/wp\/v2\/users\/1"}],"replies":[{"embeddable":true,"href":"https:\/\/langensiepen.net\/cvde\/wp-json\/wp\/v2\/comments?post=35"}],"version-history":[{"count":0,"href":"https:\/\/langensiepen.net\/cvde\/wp-json\/wp\/v2\/pages\/35\/revisions"}],"wp:attachment":[{"href":"https:\/\/langensiepen.net\/cvde\/wp-json\/wp\/v2\/media?parent=35"}],"curies":[{"name":"wp","href":"https:\/\/api.w.org\/{rel}","templated":true}]}}